{"id":7,"date":"2021-02-17T10:23:50","date_gmt":"2021-02-17T09:23:50","guid":{"rendered":"http:\/\/gcfactory.fr\/?page_id=7"},"modified":"2021-02-17T11:02:04","modified_gmt":"2021-02-17T10:02:04","slug":"a-propos-de-2","status":"publish","type":"page","link":"https:\/\/gcfactory.fr\/index.php\/a-propos-de-2\/","title":{"rendered":"\u00c0 propos de"},"content":{"rendered":"\n<p>Good Citizen Factory est un label associatif manufactur\u00e9 avec passion depuis 2006. Il a \u00e9t\u00e9 cr\u00e9\u00e9 par Cyesm &amp; Doz1jeE, dans le but de garantir aux artistes une r\u00e9mun\u00e9ration plus juste.<\/p>\n","protected":false},"excerpt":{"rendered":"<p>Good Citizen Factory est un label associatif manufactur\u00e9 avec passion depuis 2006. Il a \u00e9t\u00e9 cr\u00e9\u00e9 par Cyesm &amp; Doz1jeE, dans le but de garantir aux artistes une r\u00e9mun\u00e9ration plus juste.<\/p>\n","protected":false},"author":1,"featured_media":0,"parent":0,"menu_order":0,"comment_status":"closed","ping_status":"closed","template":"","meta":{"footnotes":""},"class_list":["post-7","page","type-page","status-publish","hentry"],"_links":{"self":[{"href":"https:\/\/gcfactory.fr\/index.php\/wp-json\/wp\/v2\/pages\/7","targetHints":{"allow":["GET"]}}],"collection":[{"href":"https:\/\/gcfactory.fr\/index.php\/wp-json\/wp\/v2\/pages"}],"about":[{"href":"https:\/\/gcfactory.fr\/index.php\/wp-json\/wp\/v2\/types\/page"}],"author":[{"embeddable":true,"href":"https:\/\/gcfactory.fr\/index.php\/wp-json\/wp\/v2\/users\/1"}],"replies":[{"embeddable":true,"href":"https:\/\/gcfactory.fr\/index.php\/wp-json\/wp\/v2\/comments?post=7"}],"version-history":[{"count":3,"href":"https:\/\/gcfactory.fr\/index.php\/wp-json\/wp\/v2\/pages\/7\/revisions"}],"predecessor-version":[{"id":73,"href":"https:\/\/gcfactory.fr\/index.php\/wp-json\/wp\/v2\/pages\/7\/revisions\/73"}],"wp:attachment":[{"href":"https:\/\/gcfactory.fr\/index.php\/wp-json\/wp\/v2\/media?parent=7"}],"curies":[{"name":"wp","href":"https:\/\/api.w.org\/{rel}","templated":true}]}}